{"id":57,"date":"2018-08-27T11:14:16","date_gmt":"2018-08-27T09:14:16","guid":{"rendered":"https:\/\/maxmecanica.com\/about\/"},"modified":"2025-02-24T15:13:37","modified_gmt":"2025-02-24T14:13:37","slug":"about","status":"publish","type":"page","link":"https:\/\/maxmecanica.com\/ca\/about\/","title":{"rendered":"Sobre nosaltres"},"content":{"rendered":"<div data-elementor-type=\"wp-post\" data-elementor-id=\"57\" class=\"elementor elementor-57\">\n\t\t\t\t<div class=\"elementor-element elementor-element-7fa3868 e-flex e-con-boxed e-con e-parent\" data-id=\"7fa3868\" data-element_type=\"container\">\n\t\t\t\t\t<div class=\"e-con-inner\">\n\t\t<div class=\"elementor-element elementor-element-de43ffa e-con-full e-flex e-con e-child\" data-id=\"de43ffa\" data-element_type=\"container\">\n\t\t\t\t<div class=\"elementor-element elementor-element-e8f5c2e aux-appear-watch-animation aux-fade-in-up elementor-widget elementor-widget-aux_modern_heading\" data-id=\"e8f5c2e\" data-element_type=\"widget\" data-widget_type=\"aux_modern_heading.default\">\n\t\t\t\t<div class=\"elementor-widget-container\">\n\t\t\t\t\t<section class=\"aux-widget-modern-heading\">\n            <div class=\"aux-widget-inner\"><h2 class=\"aux-modern-heading-primary\">El teu Soci en Manteniment Mec\u00e0nic Industrial\n<\/h2><div class=\"aux-modern-heading-description\"><p>A Max Mec\u00e0nica, portem m\u00e9s de 10 anys brindant solucions de manteniment mec\u00e0nic a empreses de diversos sectors industrials. La nostra missi\u00f3 \u00e9s assegurar que els teus equips i maquin\u00e0ria operin de manera eficient i fiable, permetent enfocar-te en el creixement del teu negoci.<\/p><p>Then I feel the presence of the Almighty, who formed us in his own image, and the breath of that universal love which bears and sustains us, as it floats around us in an eternity of bliss; and then, my friend, when darkness overspreads my eyes, and heaven and earth seem to dwell in my soul and absorb its power, like the form of a beloved mistress, then I often think with longing, Oh, would I could describe these conceptions, could impress upon paper all that is living so full and warm within me, that it might be the mirror of my soul, as my soul is the mirror of the infinite God!<\/p><\/div><\/div>\n        <\/section>\t\t\t\t<\/div>\n\t\t\t\t<\/div>\n\t\t\t\t<div class=\"elementor-element elementor-element-f09788a aux-appear-watch-animation aux-fade-in-up elementor-widget elementor-widget-aux_image\" data-id=\"f09788a\" data-element_type=\"widget\" data-widget_type=\"aux_image.default\">\n\t\t\t\t<div class=\"elementor-widget-container\">\n\t\t\t\t\t<section class=\"widget-container aux-widget-image aux-alignnone aux-parent-aub39f28e4\">\n    <div class=\"aux-media-hint-frame\">\n        <div class=\"aux-media-image\" >\n        \n            \n\n            \n            <img fetchpriority=\"high\" decoding=\"async\" width=\"1080\" height=\"600\" src=\"https:\/\/maxmecanica.com\/wp-content\/uploads\/2025\/02\/WhatsApp-Image-2025-02-17-at-09.41.12-1200x700.jpeg\" class=\"aux-attachment aux-featured-image aux-attachment-id-96\" alt=\"WhatsApp Image 2025-02-17 at 09.41.12\" srcset=\"https:\/\/maxmecanica.com\/wp-content\/uploads\/2025\/02\/WhatsApp-Image-2025-02-17-at-09.41.12-150x88.jpeg 150w,https:\/\/maxmecanica.com\/wp-content\/uploads\/2025\/02\/WhatsApp-Image-2025-02-17-at-09.41.12-300x175.jpeg 300w,https:\/\/maxmecanica.com\/wp-content\/uploads\/2025\/02\/WhatsApp-Image-2025-02-17-at-09.41.12-768x448.jpeg 768w,https:\/\/maxmecanica.com\/wp-content\/uploads\/2025\/02\/WhatsApp-Image-2025-02-17-at-09.41.12-1024x597.jpeg 1024w,https:\/\/maxmecanica.com\/wp-content\/uploads\/2025\/02\/WhatsApp-Image-2025-02-17-at-09.41.12-1200x700.jpeg 1080w\" data-ratio=\"1.71\" data-original-w=\"1080\" sizes=\"(max-width:479px) 480px,(max-width:767px) 768px,(max-width:1023px) 1024px,1080px\" \/>            \n                <\/div>\n    <\/div>\n\n<\/section><!-- widget-container -->\t\t\t\t<\/div>\n\t\t\t\t<\/div>\n\t\t<div class=\"elementor-element elementor-element-9ca3b11 e-con-full e-flex e-con e-child\" data-id=\"9ca3b11\" data-element_type=\"container\">\n\t\t\t\t<\/div>\n\t\t\t\t<\/div>\n\t\t\t\t\t<\/div>\n\t\t\t\t<\/div>\n\t\t<div class=\"elementor-element elementor-element-4797f44 e-flex e-con-boxed e-con e-parent\" data-id=\"4797f44\" data-element_type=\"container\" data-settings=\"{&quot;background_background&quot;:&quot;classic&quot;}\">\n\t\t\t\t\t<div class=\"e-con-inner\">\n\t\t<div class=\"elementor-element elementor-element-980471e e-con-full e-flex e-con e-child\" data-id=\"980471e\" data-element_type=\"container\">\n\t\t\t\t<div class=\"elementor-element elementor-element-635f4f7 aux-appear-watch-animation aux-fade-in-up elementor-widget elementor-widget-aux_modern_heading\" data-id=\"635f4f7\" data-element_type=\"widget\" data-widget_type=\"aux_modern_heading.default\">\n\t\t\t\t<div class=\"elementor-widget-container\">\n\t\t\t\t\t<section class=\"aux-widget-modern-heading\">\n            <div class=\"aux-widget-inner\"><h2 class=\"aux-modern-heading-primary\">Valors<\/h2><h3 class=\"aux-modern-heading-secondary\"><span class=\"aux-head-before\"> Innovaci\u00f3: Utilitzem tecnologia avan\u00e7ada per garantir resultats \u00f2ptims.<\/span><span class=\"aux-head-highlight\"> Confianza: Somos transparentes en cada paso del proceso . <\/span><span class=\"aux-head-after\">Compromiso: Cumplimos con los plazos y est\u00e1ndares de calidad m\u00e1s exigentes <\/span><\/h3><\/div>\n        <\/section>\t\t\t\t<\/div>\n\t\t\t\t<\/div>\n\t\t\t\t<div class=\"elementor-element elementor-element-6d30352 aux-appear-watch-animation aux-fade-in-up elementor-widget elementor-widget-aux_image\" data-id=\"6d30352\" data-element_type=\"widget\" data-widget_type=\"aux_image.default\">\n\t\t\t\t<div class=\"elementor-widget-container\">\n\t\t\t\t\t<section class=\"widget-container aux-widget-image aux-alignnone aux-parent-au8a4ac7fb\">\n    <div class=\"aux-media-hint-frame\">\n        <div class=\"aux-media-image\" >\n        \n            \n\n            \n            <img decoding=\"async\" width=\"1080\" height=\"600\" src=\"https:\/\/maxmecanica.com\/wp-content\/uploads\/2025\/02\/WhatsApp-Image-2025-02-17-at-09.41.13-3-1200x800.jpeg\" class=\"aux-attachment aux-featured-image aux-attachment-id-114\" alt=\"WhatsApp Image 2025-02-17 at 09.41.13 (3)\" srcset=\"https:\/\/maxmecanica.com\/wp-content\/uploads\/2025\/02\/WhatsApp-Image-2025-02-17-at-09.41.13-3-150x100.jpeg 150w,https:\/\/maxmecanica.com\/wp-content\/uploads\/2025\/02\/WhatsApp-Image-2025-02-17-at-09.41.13-3-300x200.jpeg 300w,https:\/\/maxmecanica.com\/wp-content\/uploads\/2025\/02\/WhatsApp-Image-2025-02-17-at-09.41.13-3-768x512.jpeg 768w,https:\/\/maxmecanica.com\/wp-content\/uploads\/2025\/02\/WhatsApp-Image-2025-02-17-at-09.41.13-3-1024x683.jpeg 1024w,https:\/\/maxmecanica.com\/wp-content\/uploads\/2025\/02\/WhatsApp-Image-2025-02-17-at-09.41.13-3-1200x800.jpeg 1080w\" data-ratio=\"1.5\" data-original-w=\"1080\" sizes=\"(max-width:479px) 480px,(max-width:767px) 768px,(max-width:1023px) 1024px,1080px\" \/>            \n                <\/div>\n    <\/div>\n\n<\/section><!-- widget-container -->\t\t\t\t<\/div>\n\t\t\t\t<\/div>\n\t\t\t\t<\/div>\n\t\t\t\t\t<\/div>\n\t\t\t\t<\/div>\n\t\t\t\t<\/div>","protected":false},"excerpt":{"rendered":"<p>Tu Socio en Mantenimiento Mec\u00e1nico Industrial En Max Mec\u00e1nica, llevamos m\u00e1s de 10 a\u00f1os brindando soluciones de mantenimiento mec\u00e1nico a empresas de diversos sectores industriales. Nuestra misi\u00f3n es asegurar que tus equipos y maquinaria operen de manera eficiente y confiable, permiti\u00e9ndote enfocarte en el crecimiento de tu negocio. Then I feel the presence of the [&hellip;]<\/p>","protected":false},"author":1,"featured_media":0,"parent":0,"menu_order":0,"comment_status":"closed","ping_status":"closed","template":"templates\/page-builder-content.php","meta":{"footnotes":""},"class_list":["post-57","page","type-page","status-publish","hentry"],"_links":{"self":[{"href":"https:\/\/maxmecanica.com\/ca\/wp-json\/wp\/v2\/pages\/57","targetHints":{"allow":["GET"]}}],"collection":[{"href":"https:\/\/maxmecanica.com\/ca\/wp-json\/wp\/v2\/pages"}],"about":[{"href":"https:\/\/maxmecanica.com\/ca\/wp-json\/wp\/v2\/types\/page"}],"author":[{"embeddable":true,"href":"https:\/\/maxmecanica.com\/ca\/wp-json\/wp\/v2\/users\/1"}],"replies":[{"embeddable":true,"href":"https:\/\/maxmecanica.com\/ca\/wp-json\/wp\/v2\/comments?post=57"}],"version-history":[{"count":7,"href":"https:\/\/maxmecanica.com\/ca\/wp-json\/wp\/v2\/pages\/57\/revisions"}],"predecessor-version":[{"id":162,"href":"https:\/\/maxmecanica.com\/ca\/wp-json\/wp\/v2\/pages\/57\/revisions\/162"}],"wp:attachment":[{"href":"https:\/\/maxmecanica.com\/ca\/wp-json\/wp\/v2\/media?parent=57"}],"curies":[{"name":"wp","href":"https:\/\/api.w.org\/{rel}","templated":true}]}}