{"id":58,"date":"2018-08-27T10:20:17","date_gmt":"2018-08-27T08:20:17","guid":{"rendered":"https:\/\/maxmecanica.com\/services\/"},"modified":"2025-02-19T12:05:54","modified_gmt":"2025-02-19T11:05:54","slug":"services","status":"publish","type":"page","link":"https:\/\/maxmecanica.com\/ca\/services\/","title":{"rendered":"Servicios"},"content":{"rendered":"<div data-elementor-type=\"wp-post\" data-elementor-id=\"58\" class=\"elementor elementor-58\">\n\t\t\t\t<div class=\"elementor-element elementor-element-c9b4a10 e-flex e-con-boxed e-con e-parent\" data-id=\"c9b4a10\" data-element_type=\"container\">\n\t\t\t\t\t<div class=\"e-con-inner\">\n\t\t<div class=\"elementor-element elementor-element-cb23f23 aux-appear-watch-animation aux-fade-in-up e-con-full e-flex e-con e-child\" data-id=\"cb23f23\" data-element_type=\"container\">\n\t\t\t\t<div class=\"elementor-element elementor-element-d1a6460 elementor-widget elementor-widget-aux_modern_heading\" data-id=\"d1a6460\" data-element_type=\"widget\" data-widget_type=\"aux_modern_heading.default\">\n\t\t\t\t<div class=\"elementor-widget-container\">\n\t\t\t\t\t<section class=\"aux-widget-modern-heading\">\n            <div class=\"aux-widget-inner\"><h2 class=\"aux-modern-heading-primary\">Serveis de Manteniment Mec\u00e0nic Integral\n<\/h2><div class=\"aux-modern-heading-description\"><p>A Max Mec\u00e0nica, oferim una \u00e0mplia gamma de serveis dissenyats per mantenir els teus equips en perfecte estat. Les nostres solucions inclouen:<\/p><\/div><\/div>\n        <\/section>\t\t\t\t<\/div>\n\t\t\t\t<\/div>\n\t\t\t\t<div class=\"elementor-element elementor-element-19cf0a3 elementor-widget elementor-widget-aux_image\" data-id=\"19cf0a3\" data-element_type=\"widget\" data-widget_type=\"aux_image.default\">\n\t\t\t\t<div class=\"elementor-widget-container\">\n\t\t\t\t\t<section class=\"widget-container aux-widget-image aux-alignnone aux-parent-au93120a4f\">\n    <div class=\"aux-media-hint-frame\">\n        <div class=\"aux-media-image\" >\n        \n            \n\n            \n            <img fetchpriority=\"high\" decoding=\"async\" width=\"1080\" height=\"600\" src=\"https:\/\/maxmecanica.com\/wp-content\/uploads\/2025\/02\/WhatsApp-Image-2025-02-17-at-09.41.13-4-1200x700.jpeg\" class=\"aux-attachment aux-featured-image aux-attachment-id-115\" alt=\"WhatsApp Image 2025-02-17 at 09.41.13 (4)\" srcset=\"https:\/\/maxmecanica.com\/wp-content\/uploads\/2025\/02\/WhatsApp-Image-2025-02-17-at-09.41.13-4-150x88.jpeg 150w,https:\/\/maxmecanica.com\/wp-content\/uploads\/2025\/02\/WhatsApp-Image-2025-02-17-at-09.41.13-4-300x175.jpeg 300w,https:\/\/maxmecanica.com\/wp-content\/uploads\/2025\/02\/WhatsApp-Image-2025-02-17-at-09.41.13-4-768x448.jpeg 768w,https:\/\/maxmecanica.com\/wp-content\/uploads\/2025\/02\/WhatsApp-Image-2025-02-17-at-09.41.13-4-1024x597.jpeg 1024w,https:\/\/maxmecanica.com\/wp-content\/uploads\/2025\/02\/WhatsApp-Image-2025-02-17-at-09.41.13-4-1200x700.jpeg 1080w\" data-ratio=\"1.71\" data-original-w=\"1080\" sizes=\"(max-width:479px) 480px,(max-width:767px) 768px,(max-width:1023px) 1024px,1080px\" \/>            \n                <\/div>\n    <\/div>\n\n<\/section><!-- widget-container -->\t\t\t\t<\/div>\n\t\t\t\t<\/div>\n\t\t\t\t<\/div>\n\t\t\t\t\t<\/div>\n\t\t\t\t<\/div>\n\t\t<div class=\"elementor-element elementor-element-75b9600 aux-appear-watch-animation aux-mask-from-top e-flex e-con-boxed e-con e-parent\" data-id=\"75b9600\" data-element_type=\"container\" data-settings=\"{&quot;background_background&quot;:&quot;classic&quot;}\">\n\t\t\t\t\t<div class=\"e-con-inner\">\n\t\t<div class=\"elementor-element elementor-element-7a56bd7 e-con-full e-flex e-con e-child\" data-id=\"7a56bd7\" data-element_type=\"container\">\n\t\t\t\t<div class=\"elementor-element elementor-element-14d5103 aux-appear-watch-animation aux-fade-in-up elementor-widget elementor-widget-aux_modern_heading\" data-id=\"14d5103\" data-element_type=\"widget\" data-widget_type=\"aux_modern_heading.default\">\n\t\t\t\t<div class=\"elementor-widget-container\">\n\t\t\t\t\t<section class=\"aux-widget-modern-heading\">\n            <div class=\"aux-widget-inner\"><h2 class=\"aux-modern-heading-primary\">Els nostres serveis<\/h2><\/div>\n        <\/section>\t\t\t\t<\/div>\n\t\t\t\t<\/div>\n\t\t<div class=\"elementor-element elementor-element-3560b6b aux-appear-watch-animation aux-fade-in-up e-con-full e-flex e-con e-child\" data-id=\"3560b6b\" data-element_type=\"container\">\n\t\t<div class=\"elementor-element elementor-element-a867131 e-con-full e-flex e-con e-child\" data-id=\"a867131\" data-element_type=\"container\">\n\t\t\t\t<div class=\"elementor-element elementor-element-64fb83f elementor-widget elementor-widget-aux_text\" data-id=\"64fb83f\" data-element_type=\"widget\" data-widget_type=\"aux_text.default\">\n\t\t\t\t<div class=\"elementor-widget-container\">\n\t\t\t\t\t<section class=\"widget-container aux-widget-text aux-parent-aua4d1366a\">        <div class=\"aux-widget-advanced-text aux-wrap-style-simple aux-ico-pos-top aux-text-center aux-text-resp- aux-text-color-dark aux-text-widget-bg-center\" >\n        \n                            <div class=\"aux-text-widget-header\"  >\n                        <div class=\"aux-ico-box aux-ico-large aux-ico-shape-circle aux-ico-clear\">\n                                                                <span class=\"aux-ico auxicon-dashboard-speed-streamline\" > <\/span>\n                                                            <\/div>\n                <\/div>\n            \n            <div class=\"aux-text-inner aux-text-widget-content\">\n                                <h4 class=\"col-title\">Manteniment Preventiu:<\/h4>\n                                <div class=\"widget-content\">\n                                        <p>Inspeccions i revisions peri\u00f2diques per evitar fallades i allargar la vida \u00fatil de les m\u00e0quines.<\/p>                <\/div>\n                            <\/div>\n        <\/div>\n                    <div class=\"aux-text-widget-footer\">\n                <div class=\"aux-border-shape-none\">\n                                <\/div>\n            <\/div>\n        \n<\/section><!-- widget-container -->\t\t\t\t<\/div>\n\t\t\t\t<\/div>\n\t\t\t\t<\/div>\n\t\t<div class=\"elementor-element elementor-element-96da66b e-con-full e-flex e-con e-child\" data-id=\"96da66b\" data-element_type=\"container\">\n\t\t\t\t<div class=\"elementor-element elementor-element-9f34b4d elementor-widget elementor-widget-aux_text\" data-id=\"9f34b4d\" data-element_type=\"widget\" data-widget_type=\"aux_text.default\">\n\t\t\t\t<div class=\"elementor-widget-container\">\n\t\t\t\t\t<section class=\"widget-container aux-widget-text aux-parent-au446b14d9\">        <div class=\"aux-widget-advanced-text aux-wrap-style-simple aux-ico-pos-top aux-text-center aux-text-resp- aux-text-color-dark aux-text-widget-bg-center\" >\n        \n                            <div class=\"aux-text-widget-header\"  >\n                        <div class=\"aux-ico-box aux-ico-large aux-ico-shape-circle aux-ico-clear\">\n                                                                <span class=\"aux-ico auxicon-database-streamline\" > <\/span>\n                                                            <\/div>\n                <\/div>\n            \n            <div class=\"aux-text-inner aux-text-widget-content\">\n                                <h4 class=\"col-title\">Diagn\u00f2stic i An\u00e0lisi de Falles:<\/h4>\n                                <div class=\"widget-content\">\n                                        <p>Identifiquem l'arrel del problema i oferim solucions duradores.<\/p>                <\/div>\n                            <\/div>\n        <\/div>\n                    <div class=\"aux-text-widget-footer\">\n                <div class=\"aux-border-shape-none\">\n                                <\/div>\n            <\/div>\n        \n<\/section><!-- widget-container -->\t\t\t\t<\/div>\n\t\t\t\t<\/div>\n\t\t\t\t<\/div>\n\t\t<div class=\"elementor-element elementor-element-8eb5970 e-con-full e-flex e-con e-child\" data-id=\"8eb5970\" data-element_type=\"container\">\n\t\t\t\t<div class=\"elementor-element elementor-element-8275bd2 elementor-widget elementor-widget-aux_text\" data-id=\"8275bd2\" data-element_type=\"widget\" data-widget_type=\"aux_text.default\">\n\t\t\t\t<div class=\"elementor-widget-container\">\n\t\t\t\t\t<section class=\"widget-container aux-widget-text aux-parent-au440f2bd9\">        <div class=\"aux-widget-advanced-text aux-wrap-style-simple aux-ico-pos-top aux-text-center aux-text-resp- aux-text-color-dark aux-text-widget-bg-center\" >\n        \n                            <div class=\"aux-text-widget-header\"  >\n                        <div class=\"aux-ico-box aux-ico-large aux-ico-shape-circle aux-ico-clear\">\n                                                                <span class=\"aux-ico auxicon-design-graphic-tablet-streamline-tablet\" > <\/span>\n                                                            <\/div>\n                <\/div>\n            \n            <div class=\"aux-text-inner aux-text-widget-content\">\n                                <h4 class=\"col-title\">Manteniment Correctiu:<\/h4>\n                                <div class=\"widget-content\">\n                                        <p>Reparacions r\u00e0pides i eficients per minimitzar el temps d'inactivitat.<\/p>                <\/div>\n                            <\/div>\n        <\/div>\n                    <div class=\"aux-text-widget-footer\">\n                <div class=\"aux-border-shape-none\">\n                                <\/div>\n            <\/div>\n        \n<\/section><!-- widget-container -->\t\t\t\t<\/div>\n\t\t\t\t<\/div>\n\t\t\t\t<\/div>\n\t\t\t\t<\/div>\n\t\t<div class=\"elementor-element elementor-element-00b7161 aux-appear-watch-animation aux-fade-in-up e-con-full e-flex e-con e-child\" data-id=\"00b7161\" data-element_type=\"container\">\n\t\t<div class=\"elementor-element elementor-element-372e736 e-con-full e-flex e-con e-child\" data-id=\"372e736\" data-element_type=\"container\">\n\t\t\t\t<div class=\"elementor-element elementor-element-0bfd6cf elementor-widget elementor-widget-aux_text\" data-id=\"0bfd6cf\" data-element_type=\"widget\" data-widget_type=\"aux_text.default\">\n\t\t\t\t<div class=\"elementor-widget-container\">\n\t\t\t\t\t<section class=\"widget-container aux-widget-text aux-parent-au7c60df85\">        <div class=\"aux-widget-advanced-text aux-wrap-style-simple aux-ico-pos-top aux-text-center aux-text-resp- aux-text-color-dark aux-text-widget-bg-center\" >\n        \n                            <div class=\"aux-text-widget-header\"  >\n                        <div class=\"aux-ico-box aux-ico-large aux-ico-shape-circle aux-ico-clear\">\n                                                                <span class=\"aux-ico auxicon-computer-imac\" > <\/span>\n                                                            <\/div>\n                <\/div>\n            \n            <div class=\"aux-text-inner aux-text-widget-content\">\n                                <h4 class=\"col-title\">Mecanitzat i Fabricaci\u00f3 de Peces:<\/h4>\n                                <div class=\"widget-content\">\n                                        <p>Fabriquem peces personalitzades per adaptar-nos a les vostres necessitats.<\/p>                <\/div>\n                            <\/div>\n        <\/div>\n                    <div class=\"aux-text-widget-footer\">\n                <div class=\"aux-border-shape-none\">\n                                <\/div>\n            <\/div>\n        \n<\/section><!-- widget-container -->\t\t\t\t<\/div>\n\t\t\t\t<\/div>\n\t\t\t\t<\/div>\n\t\t<div class=\"elementor-element elementor-element-86baca0 e-con-full e-flex e-con e-child\" data-id=\"86baca0\" data-element_type=\"container\">\n\t\t\t\t<div class=\"elementor-element elementor-element-32722a0 elementor-widget elementor-widget-aux_text\" data-id=\"32722a0\" data-element_type=\"widget\" data-widget_type=\"aux_text.default\">\n\t\t\t\t<div class=\"elementor-widget-container\">\n\t\t\t\t\t<section class=\"widget-container aux-widget-text aux-parent-auc5860f65\">        <div class=\"aux-widget-advanced-text aux-wrap-style-simple aux-ico-pos-top aux-text-center aux-text-resp- aux-text-color-dark aux-text-widget-bg-center\" >\n        \n                            <div class=\"aux-text-widget-header\"  >\n                        <div class=\"aux-ico-box aux-ico-large aux-ico-shape-circle aux-ico-clear\">\n                                                                <span class=\"aux-ico auxicon-truck-1\" > <\/span>\n                                                            <\/div>\n                <\/div>\n            \n            <div class=\"aux-text-inner aux-text-widget-content\">\n                                <h4 class=\"col-title\">Instal\u00b7laci\u00f3 i Posada en Marxa de Maquin\u00e0ria:<\/h4>\n                                <div class=\"widget-content\">\n                                        <p>Garantim una instal\u00b7laci\u00f3 segura i eficient dels teus equips.<\/p>                <\/div>\n                            <\/div>\n        <\/div>\n                    <div class=\"aux-text-widget-footer\">\n                <div class=\"aux-border-shape-none\">\n                                <\/div>\n            <\/div>\n        \n<\/section><!-- widget-container -->\t\t\t\t<\/div>\n\t\t\t\t<\/div>\n\t\t\t\t<\/div>\n\t\t<div class=\"elementor-element elementor-element-baba661 e-con-full e-flex e-con e-child\" data-id=\"baba661\" data-element_type=\"container\">\n\t\t\t\t<div class=\"elementor-element elementor-element-3ede0b6 elementor-widget elementor-widget-aux_text\" data-id=\"3ede0b6\" data-element_type=\"widget\" data-widget_type=\"aux_text.default\">\n\t\t\t\t<div class=\"elementor-widget-container\">\n\t\t\t\t\t<section class=\"widget-container aux-widget-text aux-parent-au4b12ea19\">        <div class=\"aux-widget-advanced-text aux-wrap-style-simple aux-ico-pos-top aux-text-center aux-text-resp- aux-text-color-dark aux-text-widget-bg-center\" >\n        \n                            <div class=\"aux-text-widget-header\"  >\n                        <div class=\"aux-ico-box aux-ico-large aux-ico-shape-circle aux-ico-clear\">\n                                                                <span class=\"aux-ico auxicon-badge\" > <\/span>\n                                                            <\/div>\n                <\/div>\n            \n            <div class=\"aux-text-inner aux-text-widget-content\">\n                                <h4 class=\"col-title\">Assessorament T\u00e8cnic:<\/h4>\n                                <div class=\"widget-content\">\n                                        <p>T'ajudem a optimitzar els teus processos i reduir costos operatius.<\/p>                <\/div>\n                            <\/div>\n        <\/div>\n                    <div class=\"aux-text-widget-footer\">\n                <div class=\"aux-border-shape-none\">\n                                <\/div>\n            <\/div>\n        \n<\/section><!-- widget-container -->\t\t\t\t<\/div>\n\t\t\t\t<\/div>\n\t\t\t\t<\/div>\n\t\t\t\t<\/div>\n\t\t\t\t<\/div>\n\t\t\t\t\t<\/div>\n\t\t\t\t<\/div>\n\t\t<div class=\"elementor-element elementor-element-01f0e63 aux-bs-get-started aux-bs-footer-scale e-flex e-con-boxed e-con e-parent\" data-id=\"01f0e63\" data-element_type=\"container\" data-settings=\"{&quot;background_background&quot;:&quot;classic&quot;}\">\n\t\t\t\t\t<div class=\"e-con-inner\">\n\t\t<div class=\"elementor-element elementor-element-d1f6a37 e-con-full e-flex e-con e-child\" data-id=\"d1f6a37\" data-element_type=\"container\">\n\t\t\t\t<div class=\"elementor-element elementor-element-a5c010e elementor-widget elementor-widget-aux_modern_heading\" data-id=\"a5c010e\" data-element_type=\"widget\" data-widget_type=\"aux_modern_heading.default\">\n\t\t\t\t<div class=\"elementor-widget-container\">\n\t\t\t\t\t<section class=\"aux-widget-modern-heading\">\n            <div class=\"aux-widget-inner\"><h2 class=\"aux-modern-heading-primary\">Necessites algun dels nostres serveis? No dubtis a contactar-nos per a m\u00e9s informaci\u00f3!\n\n\n<\/h2><\/div>\n        <\/section>\t\t\t\t<\/div>\n\t\t\t\t<\/div>\n\t\t\t\t<div class=\"elementor-element elementor-element-4525fa6 elementor-widget elementor-widget-aux_modern_button\" data-id=\"4525fa6\" data-element_type=\"widget\" data-widget_type=\"aux_modern_button.default\">\n\t\t\t\t<div class=\"elementor-widget-container\">\n\t\t\t\t\t    <div class=\"aux-modern-button-wrapper aux-modern-button-align-center\" >\n                    <a class=\"aux-modern-button aux-black aux-modern-button-md aux-modern-button-normal aux-modern-button-default aux-icon-\">\n                <div class=\"aux-overlay\"><\/div>\n                                    <div class=\"aux-icon\">\n                                            <\/div>\n                                <div class=\"aux-text\">\n<span class=\"aux-text-before\">CONTACTAR<\/span>                <\/div>\n            <\/a>\n            \n    <\/div>\n\n    \t\t\t\t<\/div>\n\t\t\t\t<\/div>\n\t\t\t\t<\/div>\n\t\t\t\t\t<\/div>\n\t\t\t\t<\/div>\n\t\t\t\t<\/div>","protected":false},"excerpt":{"rendered":"<p>Servicios de Mantenimiento Mec\u00e1nico Integral En Max Mec\u00e1nica, ofrecemos una amplia gama de servicios dise\u00f1ados para mantener tus equipos en perfecto estado. Nuestras soluciones incluyen: Nuestros Servicios Mantenimiento Preventivo: Inspecciones y revisiones peri\u00f3dicas para evitar fallos y alargar la vida \u00fatil de tus m\u00e1quinas. Diagn\u00f3stico y An\u00e1lisis de Fallos: Identificamos la ra\u00edz del problema y [&hellip;]<\/p>","protected":false},"author":1,"featured_media":0,"parent":0,"menu_order":0,"comment_status":"closed","ping_status":"closed","template":"templates\/page-builder-content.php","meta":{"footnotes":""},"class_list":["post-58","page","type-page","status-publish","hentry"],"_links":{"self":[{"href":"https:\/\/maxmecanica.com\/ca\/wp-json\/wp\/v2\/pages\/58","targetHints":{"allow":["GET"]}}],"collection":[{"href":"https:\/\/maxmecanica.com\/ca\/wp-json\/wp\/v2\/pages"}],"about":[{"href":"https:\/\/maxmecanica.com\/ca\/wp-json\/wp\/v2\/types\/page"}],"author":[{"embeddable":true,"href":"https:\/\/maxmecanica.com\/ca\/wp-json\/wp\/v2\/users\/1"}],"replies":[{"embeddable":true,"href":"https:\/\/maxmecanica.com\/ca\/wp-json\/wp\/v2\/comments?post=58"}],"version-history":[{"count":3,"href":"https:\/\/maxmecanica.com\/ca\/wp-json\/wp\/v2\/pages\/58\/revisions"}],"predecessor-version":[{"id":149,"href":"https:\/\/maxmecanica.com\/ca\/wp-json\/wp\/v2\/pages\/58\/revisions\/149"}],"wp:attachment":[{"href":"https:\/\/maxmecanica.com\/ca\/wp-json\/wp\/v2\/media?parent=58"}],"curies":[{"name":"wp","href":"https:\/\/api.w.org\/{rel}","templated":true}]}}