{"id":60,"date":"2018-08-23T11:44:51","date_gmt":"2018-08-23T09:44:51","guid":{"rendered":"https:\/\/maxmecanica.com\/home\/"},"modified":"2025-02-19T11:38:23","modified_gmt":"2025-02-19T10:38:23","slug":"home","status":"publish","type":"page","link":"https:\/\/maxmecanica.com\/ca\/","title":{"rendered":"Home"},"content":{"rendered":"<div data-elementor-type=\"wp-post\" data-elementor-id=\"60\" class=\"elementor elementor-60\">\n\t\t\t\t<div class=\"elementor-element elementor-element-3fee8d8 e-con-full aux-blur-fade e-flex e-con e-parent\" data-id=\"3fee8d8\" data-element_type=\"container\" data-settings=\"{&quot;background_background&quot;:&quot;classic&quot;}\">\n\t\t<div class=\"elementor-element elementor-element-4a82324 e-con-full e-flex e-con e-child\" data-id=\"4a82324\" data-element_type=\"container\">\n\t\t<div class=\"elementor-element elementor-element-ffa1ab1 e-con-full e-flex e-con e-child\" data-id=\"ffa1ab1\" data-element_type=\"container\">\n\t\t<div class=\"elementor-element elementor-element-7133a38 e-con-full e-flex e-con e-child\" data-id=\"7133a38\" data-element_type=\"container\">\n\t\t\t\t<div class=\"elementor-element elementor-element-4c96878 aux-appear-watch-animation aux-scale-down-2 elementor-widget elementor-widget-aux_modern_heading\" data-id=\"4c96878\" data-element_type=\"widget\" data-widget_type=\"aux_modern_heading.default\">\n\t\t\t\t<div class=\"elementor-widget-container\">\n\t\t\t\t\t<section class=\"aux-widget-modern-heading\">\n            <div class=\"aux-widget-inner\"><h2 class=\"aux-modern-heading-primary\">Max Mec\u00e1nica<\/h2><h3 class=\"aux-modern-heading-secondary\"><span class=\"aux-head-before\">Manteniment Mec\u00e0nic Confiable per a la teva Empresa<\/span><\/h3><\/div>\n        <\/section>\t\t\t\t<\/div>\n\t\t\t\t<\/div>\n\t\t\t\t<div class=\"elementor-element elementor-element-8e45f16 aux-appear-watch-animation aux-fade-in-up elementor-widget elementor-widget-aux_modern_button\" data-id=\"8e45f16\" data-element_type=\"widget\" data-widget_type=\"aux_modern_button.default\">\n\t\t\t\t<div class=\"elementor-widget-container\">\n\t\t\t\t\t    <div class=\"aux-modern-button-wrapper aux-modern-button-align-center\" >\n                    <a class=\"aux-modern-button aux-black aux-modern-button-md aux-modern-button-normal aux-modern-button-default aux-icon-\">\n                <div class=\"aux-overlay\"><\/div>\n                                    <div class=\"aux-icon\">\n                                            <\/div>\n                                <div class=\"aux-text\">\n<span class=\"aux-text-before\">SABER M\u00c9S<\/span>                <\/div>\n            <\/a>\n            \n    <\/div>\n\n    \t\t\t\t<\/div>\n\t\t\t\t<\/div>\n\t\t\t\t<\/div>\n\t\t\t\t<\/div>\n\t\t\t\t<\/div>\n\t\t\t\t<\/div>\n\t\t<div class=\"elementor-element elementor-element-3dbcfdb e-flex e-con-boxed e-con e-parent\" data-id=\"3dbcfdb\" data-element_type=\"container\">\n\t\t\t\t\t<div class=\"e-con-inner\">\n\t\t<div class=\"elementor-element elementor-element-e096852 e-con-full e-flex e-con e-child\" data-id=\"e096852\" data-element_type=\"container\" data-settings=\"{&quot;background_background&quot;:&quot;gradient&quot;}\">\n\t\t\t\t<div class=\"elementor-element elementor-element-8882c4a aux-appear-watch-animation aux-fade-in-left-1 elementor-widget__width-initial elementor-widget elementor-widget-aux_modern_heading\" data-id=\"8882c4a\" data-element_type=\"widget\" data-widget_type=\"aux_modern_heading.default\">\n\t\t\t\t<div class=\"elementor-widget-container\">\n\t\t\t\t\t<section class=\"aux-widget-modern-heading\">\n            <div class=\"aux-widget-inner\"><h2 class=\"aux-modern-heading-primary\"><\/h2><h3 class=\"aux-modern-heading-secondary\"><span class=\"aux-head-before\">Som <\/span><span class=\"aux-head-highlight\">experts en solucions integrals<\/span><span class=\"aux-head-after\">de manteniment mec\u00e0nic industrial.<\/span><\/h3><div class=\"aux-modern-heading-description\"><p>Maximitzem l'efici\u00e8ncia i minimitzem temps d'inactivitat.<\/p><\/div><\/div>\n        <\/section>\t\t\t\t<\/div>\n\t\t\t\t<\/div>\n\t\t\t\t<div class=\"elementor-element elementor-element-3935c86 elementor-widget__width-auto aux-appear-watch-animation aux-fade-in-up elementor-widget elementor-widget-aux_modern_button\" data-id=\"3935c86\" data-element_type=\"widget\" data-widget_type=\"aux_modern_button.default\">\n\t\t\t\t<div class=\"elementor-widget-container\">\n\t\t\t\t\t    <div class=\"aux-modern-button-wrapper aux-modern-button-align-right\" >\n                    <a class=\"aux-modern-button aux-black aux-modern-button-md aux-modern-button-normal aux-modern-button-default aux-icon-\">\n                <div class=\"aux-overlay\"><\/div>\n                                    <div class=\"aux-icon\">\n                                            <\/div>\n                                <div class=\"aux-text\">\n<span class=\"aux-text-before\">Contactar<\/span>                <\/div>\n            <\/a>\n            \n    <\/div>\n\n    \t\t\t\t<\/div>\n\t\t\t\t<\/div>\n\t\t\t\t<\/div>\n\t\t<div class=\"elementor-element elementor-element-c79ed2f e-con-full e-flex e-con e-child\" data-id=\"c79ed2f\" data-element_type=\"container\">\n\t\t\t\t<div class=\"elementor-element elementor-element-34030f9 aux-appear-watch elementor-widget elementor-widget-aux_image\" data-id=\"34030f9\" data-element_type=\"widget\" data-widget_type=\"aux_image.default\">\n\t\t\t\t<div class=\"elementor-widget-container\">\n\t\t\t\t\t<section class=\"widget-container aux-widget-image aux-alignnone aux-parent-au49fed5c7\">\n    <div class=\"aux-media-hint-frame\">\n        <div class=\"aux-media-image\" >\n        \n            \n\n            \n            <img fetchpriority=\"high\" decoding=\"async\" width=\"600\" height=\"600\" src=\"https:\/\/maxmecanica.com\/wp-content\/uploads\/2025\/02\/WhatsApp-Image-2025-02-17-at-09.41.13-1-600x600.jpeg\" class=\"aux-attachment aux-featured-image aux-attachment-id-112 aux-img-dynamic-dropshadow\" alt=\"WhatsApp Image 2025-02-17 at 09.41.13 (1)\" srcset=\"https:\/\/maxmecanica.com\/wp-content\/uploads\/2025\/02\/WhatsApp-Image-2025-02-17-at-09.41.13-1-150x150.jpeg 150w,https:\/\/maxmecanica.com\/wp-content\/uploads\/2025\/02\/WhatsApp-Image-2025-02-17-at-09.41.13-1-300x300.jpeg 300w,https:\/\/maxmecanica.com\/wp-content\/uploads\/2025\/02\/WhatsApp-Image-2025-02-17-at-09.41.13-1-768x768.jpeg 768w,https:\/\/maxmecanica.com\/wp-content\/uploads\/2025\/02\/WhatsApp-Image-2025-02-17-at-09.41.13-1-1024x1024.jpeg 1024w,https:\/\/maxmecanica.com\/wp-content\/uploads\/2025\/02\/WhatsApp-Image-2025-02-17-at-09.41.13-1-600x600.jpeg 600w\" data-ratio=\"1\" data-original-w=\"1080\" sizes=\"(max-width:479px) 480px,(max-width:767px) 768px,(max-width:1023px) 1024px,600px\" \/>            \n                <\/div>\n    <\/div>\n\n<\/section><!-- widget-container -->\t\t\t\t<\/div>\n\t\t\t\t<\/div>\n\t\t\t\t<\/div>\n\t\t\t\t\t<\/div>\n\t\t\t\t<\/div>\n\t\t<div class=\"elementor-element elementor-element-df50189 e-flex e-con-boxed e-con e-parent\" data-id=\"df50189\" data-element_type=\"container\">\n\t\t\t\t\t<div class=\"e-con-inner\">\n\t\t<div class=\"elementor-element elementor-element-dd92bda e-con-full e-flex e-con e-child\" data-id=\"dd92bda\" data-element_type=\"container\">\n\t\t\t\t<div class=\"elementor-element elementor-element-c2b3b35 aux-appear-watch-animation aux-scale-up-1 elementor-widget elementor-widget-aux_image\" data-id=\"c2b3b35\" data-element_type=\"widget\" data-widget_type=\"aux_image.default\">\n\t\t\t\t<div class=\"elementor-widget-container\">\n\t\t\t\t\t<section class=\"widget-container aux-widget-image aux-alignnone aux-parent-auf9a89370\">\n    <div class=\"aux-media-hint-frame\">\n        <div class=\"aux-media-image\" >\n        \n            \n\n            \n            <img decoding=\"async\" width=\"600\" height=\"600\" src=\"https:\/\/maxmecanica.com\/wp-content\/uploads\/2025\/02\/WhatsApp-Image-2025-02-17-at-09.41.13-6-600x600.jpeg\" class=\"aux-attachment aux-featured-image aux-attachment-id-117\" alt=\"WhatsApp Image 2025-02-17 at 09.41.13 (6)\" srcset=\"https:\/\/maxmecanica.com\/wp-content\/uploads\/2025\/02\/WhatsApp-Image-2025-02-17-at-09.41.13-6-150x150.jpeg 150w,https:\/\/maxmecanica.com\/wp-content\/uploads\/2025\/02\/WhatsApp-Image-2025-02-17-at-09.41.13-6-300x300.jpeg 300w,https:\/\/maxmecanica.com\/wp-content\/uploads\/2025\/02\/WhatsApp-Image-2025-02-17-at-09.41.13-6-768x768.jpeg 768w,https:\/\/maxmecanica.com\/wp-content\/uploads\/2025\/02\/WhatsApp-Image-2025-02-17-at-09.41.13-6-1024x1024.jpeg 1024w,https:\/\/maxmecanica.com\/wp-content\/uploads\/2025\/02\/WhatsApp-Image-2025-02-17-at-09.41.13-6-600x600.jpeg 600w\" data-ratio=\"1\" data-original-w=\"1080\" sizes=\"(max-width:479px) 480px,(max-width:767px) 768px,(max-width:1023px) 1024px,600px\" \/>            \n                <\/div>\n    <\/div>\n\n<\/section><!-- widget-container -->\t\t\t\t<\/div>\n\t\t\t\t<\/div>\n\t\t\t\t<\/div>\n\t\t<div class=\"elementor-element elementor-element-fb54b5f e-con-full e-flex e-con e-child\" data-id=\"fb54b5f\" data-element_type=\"container\">\n\t\t\t\t<div class=\"elementor-element elementor-element-6e3bb7a aux-appear-watch-animation aux-fade-in-up elementor-widget elementor-widget-aux_modern_heading\" data-id=\"6e3bb7a\" data-element_type=\"widget\" data-widget_type=\"aux_modern_heading.default\">\n\t\t\t\t<div class=\"elementor-widget-container\">\n\t\t\t\t\t<section class=\"aux-widget-modern-heading\">\n            <div class=\"aux-widget-inner\"><h2 class=\"aux-modern-heading-primary\">\n<\/h2><h3 class=\"aux-modern-heading-secondary\"><span class=\"aux-head-before\">En Max Mec\u00e1nica,<\/span><span class=\"aux-head-highlight\"> ens especialitzem en oferir serveis de manteniment mec\u00e0nic d'alta qualitat<\/span><span class=\"aux-head-after\"> per a empreses de tots els sectors.<\/span><\/h3><div class=\"aux-modern-heading-description\"><p>\u00a0El nostre equip de professionals altament capacitats garanteix que els teus equips i maquin\u00e0ria funcionin al m\u00e0xim rendiment, reduint costos i evitant parades imprevistes.<\/p><\/div><\/div>\n        <\/section>\t\t\t\t<\/div>\n\t\t\t\t<\/div>\n\t\t\t\t<\/div>\n\t\t\t\t\t<\/div>\n\t\t\t\t<\/div>\n\t\t<div class=\"elementor-element elementor-element-cb57602 aux-bs-get-started aux-bs-footer-scale e-flex e-con-boxed e-con e-parent\" data-id=\"cb57602\" data-element_type=\"container\" data-settings=\"{&quot;background_background&quot;:&quot;classic&quot;}\">\n\t\t\t\t\t<div class=\"e-con-inner\">\n\t\t<div class=\"elementor-element elementor-element-1e91711 aux-appear-watch-animation aux-zoom-in e-con-full e-flex e-con e-child\" data-id=\"1e91711\" data-element_type=\"container\">\n\t\t\t\t<div class=\"elementor-element elementor-element-d33c9c0 elementor-widget elementor-widget-aux_modern_heading\" data-id=\"d33c9c0\" data-element_type=\"widget\" data-widget_type=\"aux_modern_heading.default\">\n\t\t\t\t<div class=\"elementor-widget-container\">\n\t\t\t\t\t<section class=\"aux-widget-modern-heading\">\n            <div class=\"aux-widget-inner\"><h2 class=\"aux-modern-heading-primary\">Necessites un manteniment preventiu o correctiu?<\/h2><div class=\"aux-modern-heading-description\"><p>Contacta'ns avui mateix i descobreix com et podem ajudar a optimitzar les teves operacions!<\/p><\/div><\/div>\n        <\/section>\t\t\t\t<\/div>\n\t\t\t\t<\/div>\n\t\t\t\t<div class=\"elementor-element elementor-element-7674537 elementor-widget elementor-widget-aux_modern_button\" data-id=\"7674537\" data-element_type=\"widget\" data-widget_type=\"aux_modern_button.default\">\n\t\t\t\t<div class=\"elementor-widget-container\">\n\t\t\t\t\t    <div class=\"aux-modern-button-wrapper aux-modern-button-align-center\" >\n                    <a class=\"aux-modern-button aux-black aux-modern-button-md aux-modern-button-normal aux-modern-button-default aux-icon-\">\n                <div class=\"aux-overlay\"><\/div>\n                                    <div class=\"aux-icon\">\n                                            <\/div>\n                                <div class=\"aux-text\">\n<span class=\"aux-text-before\">GET STARTED<\/span>                <\/div>\n            <\/a>\n            \n    <\/div>\n\n    \t\t\t\t<\/div>\n\t\t\t\t<\/div>\n\t\t\t\t<\/div>\n\t\t\t\t\t<\/div>\n\t\t\t\t<\/div>\n\t\t\t\t<\/div>","protected":false},"excerpt":{"rendered":"<p>Max Mec\u00e1nica Mantenimiento Mec\u00e1nico Confiable para tu Empresa SABER M\u00c1S Somos expertos en soluciones integralesde mantenimiento mec\u00e1nico industrial. Maximizamos la eficiencia y minimizamos los tiempos de inactividad. Contactar En Max Mec\u00e1nica, nos especializamos en ofrecer servicios de mantenimiento mec\u00e1nico de alta calidad para empresas de todos los sectores. \u00a0Nuestro equipo de profesionales altamente capacitados garantiza [&hellip;]<\/p>","protected":false},"author":1,"featured_media":0,"parent":0,"menu_order":0,"comment_status":"closed","ping_status":"closed","template":"templates\/page-builder-content.php","meta":{"footnotes":""},"class_list":["post-60","page","type-page","status-publish","hentry"],"_links":{"self":[{"href":"https:\/\/maxmecanica.com\/ca\/wp-json\/wp\/v2\/pages\/60","targetHints":{"allow":["GET"]}}],"collection":[{"href":"https:\/\/maxmecanica.com\/ca\/wp-json\/wp\/v2\/pages"}],"about":[{"href":"https:\/\/maxmecanica.com\/ca\/wp-json\/wp\/v2\/types\/page"}],"author":[{"embeddable":true,"href":"https:\/\/maxmecanica.com\/ca\/wp-json\/wp\/v2\/users\/1"}],"replies":[{"embeddable":true,"href":"https:\/\/maxmecanica.com\/ca\/wp-json\/wp\/v2\/comments?post=60"}],"version-history":[{"count":15,"href":"https:\/\/maxmecanica.com\/ca\/wp-json\/wp\/v2\/pages\/60\/revisions"}],"predecessor-version":[{"id":145,"href":"https:\/\/maxmecanica.com\/ca\/wp-json\/wp\/v2\/pages\/60\/revisions\/145"}],"wp:attachment":[{"href":"https:\/\/maxmecanica.com\/ca\/wp-json\/wp\/v2\/media?parent=60"}],"curies":[{"name":"wp","href":"https:\/\/api.w.org\/{rel}","templated":true}]}}